{"id":5281,"date":"2025-12-08T10:27:20","date_gmt":"2025-12-08T10:27:20","guid":{"rendered":"https:\/\/giasxps.ro\/?page_id=5281"},"modified":"2026-01-11T10:07:41","modified_gmt":"2026-01-11T10:07:41","slug":"gias-floor","status":"publish","type":"page","link":"https:\/\/testareweb.ro\/it\/gias-floor\/","title":{"rendered":"GIAS FLOOR"},"content":{"rendered":"<section id=\"bt_bb_section69feb2add0fd3\" class=\"bt_bb_section bt_bb_layout_boxed_1200 bt_bb_vertical_align_top bt_bb_top_spacing_large bt_bb_bottom_spacing_large\"  data-bt-override-class=\"null\"><div class=\"bt_bb_port\"><div class=\"bt_bb_cell\"><div class=\"bt_bb_cell_inner\"><div class=\"bt_bb_row\"  data-bt-override-class=\"{}\"><div class=\"bt_bb_row_holder\" ><div  class=\"bt_bb_column col-xl-12 col-xs-12 col-sm-12 col-md-12 col-lg-12 bt_bb_align_left bt_bb_vertical_align_top bt_bb_padding_normal\"  data-width=\"12\" data-bt-override-class=\"{}\"><div class=\"bt_bb_column_content\"><div class=\"bt_bb_row_inner\"   data-bt-override-class=\"{}\"><div class=\"bt_bb_row_inner_holder\"  ><div  class=\"bt_bb_column_inner col-xl-6 col-xs-12 col-sm-12 col-md-9 col-lg-9 bt_bb_align_left bt_bb_vertical_align_top\"  data-width=\"6\" data-bt-override-class=\"{}\"><div class=\"bt_bb_column_inner_content\"><header data-bb-version=\"5.2.2\" class=\"bt_bb_headline bt_bb_font_weight_900 bt_bb_dash_top bt_bb_superheadline bt_bb_superheadline_outside bt_bb_size_medium bt_bb_align_inherit\" data-bt-override-class=\"{&quot;bt_bb_size_&quot;:{&quot;current_class&quot;:&quot;bt_bb_size_medium&quot;,&quot;def&quot;:&quot;medium&quot;},&quot;bt_bb_align_&quot;:{&quot;current_class&quot;:&quot;bt_bb_align_inherit&quot;,&quot;def&quot;:&quot;inherit&quot;}}\"><div class=\"bt_bb_headline_superheadline_outside\"><span class=\"bt_bb_headline_superheadline\">La base perfetta per il montaggio rapido del riscaldamento a pavimento<\/span><\/div><h3 class=\"bt_bb_headline_tag\"><span class=\"bt_bb_headline_content\"><span><b>POLISTIRENE ESTRUSO<\/b><br \/><br \/>\n<u>GIAS FLOOR <\/u> <\/span><\/span><\/h3><\/header><div class=\"bt_bb_separator bt_bb_border_style_none bt_bb_top_spacing_normal\" data-bt-override-class=\"null\"><\/div><div data-bb-version=\"5.2.2\"  class=\"bt_bb_text\" ><\/p>\n<p><strong><span style=\"color: #ff0000;\">DESCRIZIONE DEL PRODOTTO<\/span><\/strong><\/p>\n<p data-path-to-node=\"3\"><b>GIAS FLOOR<\/b> rappresenta un sistema di isolamento termico modulare e rigido, progettato con precisione per garantire la base ottimale, stabile ed efficiente per i moderni sistemi di riscaldamento a pavimento (UFT).<\/p>\n<p data-path-to-node=\"4\">Non \u00e8 un semplice pannello, ma una soluzione tecnologica che combina le propriet\u00e0 superiori del polistirene estruso (resistenza all'umidit\u00e0 e alla compressione) con un'ergonomia di montaggio intelligente. La lastra \u00e8 dotata di un sistema di fissaggio a borchie (bossed system) sulla sua superficie. Questo design consente agli installatori di montare e fissare i tubi di riscaldamento con maggiore velocit\u00e0 e precisione millimetrica, eliminando la necessit\u00e0 di utilizzare clip aggiuntive e garantendo una distanza uniforme tra i circuiti.<\/p>\n<p data-path-to-node=\"5\">Dal punto di vedere termico, <strong>GIAS FLOOR<\/strong> svolge un ruolo vitale. Grazie alla sua struttura a celle chiuse e all'elevata densit\u00e0, funge da barriera termica estremamente efficace, prevenendo la perdita di calore verso il basso (verso le fondamenta o la soletta in cemento). Dirigendo l'energia termica esclusivamente verso il massetto e lo spazio abitativo, massimizza l'efficienza energetica del sistema UFT e garantisce una distribuzione del calore rapida e uniforme, contribuendo direttamente al comfort termico e a sostanziali risparmi a lungo termine.<\/p>\n<p data-path-to-node=\"6\">\u00c8 la soluzione professionale che garantisce la stabilit\u00e0 meccanica sotto il peso del massetto, la longevit\u00e0 del sistema e l'efficienza energetica di qualsiasi progetto di riscaldamento a pavimento.<\/p>\n<p><strong><span style=\"color: #ff0000;\">SETTORI TIPICI DI APPLICAZIONE<\/span><\/strong><\/p>\n<ul>\n<li>\n<p data-path-to-node=\"9,0,0\" class=\" translation-block\"><b>Sistemi UFT (Riscaldamento a pavimento):<\/b> Strato isolante di base per impianti di riscaldamento.<\/p>\n<\/li>\n<li>\n<p data-path-to-node=\"9,1,0\" class=\" translation-block\"><b>Edifici Residenziali e Commerciali:<\/b> Garantisce un\u2019efficiente separazione termica del sistema di riscaldamento dalla soletta in calcestruzzo (platea).<\/p>\n<\/li>\n<li>\n<p data-path-to-node=\"9,2,0\" class=\" translation-block\"><b>Ristrutturazioni:<\/b> Soluzione ideale per l'installazione rapida dei tubi e la riduzione dell'altezza totale del sistema di massetto.<\/p>\n<\/li>\n<\/ul>\n<p><span style=\"color: #ff0000;\"><strong>PRINCIPALI BENEFICI<\/strong><\/span><\/p>\n<ul>\n<li>\n<p data-path-to-node=\"11,0,0\" class=\" translation-block\"><b>Montaggio Rapido e Preciso:<\/b> Il sistema di fissaggio\/nervature semplifica e accelera l'installazione dei tubi di riscaldamento.<\/p>\n<\/li>\n<li>\n<p data-path-to-node=\"11,1,0\" class=\" translation-block\"><b>Efficienza Energetica:<\/b> Minimizza il trasferimento di calore verso il basso (verso le fondamenta), dirigendo il 95% dell'energia verso lo spazio abitativo.<\/p>\n<\/li>\n<li>\n<p data-path-to-node=\"11,2,0\" class=\" translation-block\"><b>Isolamento Acustico Additivo:<\/b> Contribuisce alla riduzione del rumore da impatto, migliorando il comfort acustico.<\/p>\n<\/li>\n<li>\n<p data-path-to-node=\"11,3,0\" class=\" translation-block\"><b>Resistenza alla Compressione:<\/b> Resiste al peso del massetto, della finitura e del traffico (a seconda della densit\u00e0 dell'XPS utilizzato come base).<\/p>\n<\/li>\n<li>\n<p data-path-to-node=\"11,4,0\" class=\" translation-block\"><b>Protezione anti-umidit\u00e0:<\/b> Spesso include una pellicola protettiva integrata che funge da barriera contro l'umidit\u00e0 del massetto.<\/p>\n<\/li>\n<\/ul>\n<p><span style=\"color: #ff0000;\"><strong>SPECIFICHE TECNICHE<\/strong><\/span><\/p>\n<table style=\"width: 100%; border-collapse: collapse; border: 1px solid #333; font-family: Arial, sans-serif;\">\n<thead>\n<tr style=\"background-color: #e0e0e0;\">\n<th style=\"border: 1px solid #333; padding: 10px; text-align: left;\">Parametro<\/th>\n<th style=\"border: 1px solid #333; padding: 10px; text-align: left;\">Valore Tipico<\/th>\n<th style=\"border: 1px solid #333; padding: 10px; text-align: left;\">Unit\u00e0 di Misura \/ Standard<\/th>\n<\/tr>\n<\/thead>\n<tbody>\n<tr>\n<td style=\"border: 1px solid #333; padding: 8px;\">Nome del prodotto<\/td>\n<td style=\"border: 1px solid #333; padding: 8px;\">GIAS FLOOR<\/td>\n<td style=\"border: 1px solid #333; padding: 8px;\">\u2013<\/td>\n<\/tr>\n<tr>\n<td style=\"border: 1px solid #333; padding: 8px;\">Ruolo Principale<\/td>\n<td style=\"border: 1px solid #333; padding: 8px;\">Pannello isolante per riscaldamento a pavimento<\/td>\n<td style=\"border: 1px solid #333; padding: 8px;\">\u2013<\/td>\n<\/tr>\n<tr>\n<td style=\"border: 1px solid #333; padding: 8px;\">Resistenza alla compressione (Base)<\/td>\n<td style=\"border: 1px solid #333; padding: 8px;\">\u2265 250 \u2013 300<\/td>\n<td style=\"border: 1px solid #333; padding: 8px;\">kPa \/ EN 826<\/td>\n<\/tr>\n<tr>\n<td style=\"border: 1px solid #333; padding: 8px;\">Sistema di fissaggio<\/td>\n<td style=\"border: 1px solid #333; padding: 8px;\">Maschio e femmina \/ Perni<\/td>\n<td style=\"border: 1px solid #333; padding: 8px;\">\u2013<\/td>\n<\/tr>\n<tr>\n<td style=\"border: 1px solid #333; padding: 8px;\">Diametro Tubo Compatibile<\/td>\n<td style=\"border: 1px solid #333; padding: 8px;\">16 mm \u2013 20 mm (Tipico)<\/td>\n<td style=\"border: 1px solid #333; padding: 8px;\">\u2013<\/td>\n<\/tr>\n<\/tbody>\n<\/table>\n<p>\n<\/div><div data-bb-version=\"5.2.2\" class=\"bt_bb_separator bt_bb_border_style_none bt_bb_top_spacing_none bt_bb_bottom_spacing_large\" data-bt-override-class=\"{&quot;bt_bb_top_spacing_&quot;:{&quot;current_class&quot;:&quot;bt_bb_top_spacing_none&quot;,&quot;def&quot;:&quot;none&quot;},&quot;bt_bb_bottom_spacing_&quot;:{&quot;current_class&quot;:&quot;bt_bb_bottom_spacing_large&quot;,&quot;def&quot;:&quot;large&quot;}}\"><\/div><\/div><\/div><div data-bb-version=\"5.2.2\"  class=\"bt_bb_column_inner col-xl-6 col-xs-12 col-sm-12 col-md-3 col-lg-3 bt_bb_align_left bt_bb_vertical_align_top\"  data-width=\"6\" data-bt-override-class=\"{}\"><div class=\"bt_bb_column_inner_content\"><div data-bb-version=\"5.2.2\" class=\"bt_bb_image bt_bb_shape_square bt_bb_target_blank bt_bb_align_inherit bt_bb_hover_style_zoom-in-to-grayscale bt_bb_content_display_always bt_bb_content_align_middle bt_bb_fill_background_color_full\" data-bt-override-class=\"{&quot;bt_bb_align_&quot;:{&quot;current_class&quot;:&quot;bt_bb_align_inherit&quot;,&quot;def&quot;:&quot;inherit&quot;},&quot;bt_bb_content_display_&quot;:{&quot;current_class&quot;:&quot;bt_bb_content_display_always&quot;,&quot;def&quot;:&quot;always&quot;}}\"><a href=\"#\"  target=\"_blank\" title=\"Gias-Floor-produs\"><img loading=\"lazy\" decoding=\"async\" width=\"900\" height=\"718\" src=\"https:\/\/testareweb.ro\/wp-content\/uploads\/2025\/12\/Gias-Floor-produs.png\" class=\"attachment-full size-full\" alt=\"https:\/\/testareweb.ro\/wp-content\/uploads\/2025\/12\/Gias-Floor-produs.png\" data-full_image_src=\"https:\/\/testareweb.ro\/wp-content\/uploads\/2025\/12\/Gias-Floor-produs.png\" title=\"Gias-Floor-produs\" srcset=\"https:\/\/testareweb.ro\/wp-content\/uploads\/2025\/12\/Gias-Floor-produs.png 900w, https:\/\/testareweb.ro\/wp-content\/uploads\/2025\/12\/Gias-Floor-produs-640x511.png 640w, https:\/\/testareweb.ro\/wp-content\/uploads\/2025\/12\/Gias-Floor-produs-768x613.png 768w, https:\/\/testareweb.ro\/wp-content\/uploads\/2025\/12\/Gias-Floor-produs-15x12.png 15w, https:\/\/testareweb.ro\/wp-content\/uploads\/2025\/12\/Gias-Floor-produs-320x255.png 320w\" sizes=\"auto, (max-width: 900px) 100vw, 900px\" \/><\/a><\/div><div class=\"bt_bb_separator bt_bb_border_style_none bt_bb_bottom_spacing_normal\" data-bt-override-class=\"null\"><\/div><header data-bb-version=\"5.2.2\" class=\"bt_bb_headline btPeopleProfileDash bt_bb_font_weight_normal bt_bb_dash_bottom bt_bb_superheadline bt_bb_superheadline_outside bt_bb_size_normal bt_bb_align_inherit btPeopleProfileDash\" data-bt-override-class=\"{&quot;bt_bb_size_&quot;:{&quot;current_class&quot;:&quot;bt_bb_size_normal&quot;,&quot;def&quot;:&quot;normal&quot;},&quot;bt_bb_align_&quot;:{&quot;current_class&quot;:&quot;bt_bb_align_inherit&quot;,&quot;def&quot;:&quot;inherit&quot;}}\"><div class=\"bt_bb_headline_superheadline_outside\"><span class=\"bt_bb_headline_superheadline\">SCHEDA TECNICA<\/span><\/div><h5 class=\"bt_bb_headline_tag\"><span class=\"bt_bb_headline_content\"><span>POLISTIREN EXTRUDAT GIAS FLOOR<\/span><\/span><\/h5><\/header><div class=\"bt_bb_separator bt_bb_border_style_none bt_bb_bottom_spacing_normal bt_bb_hidden_md bt_bb_hidden_lg\" data-bt-override-class=\"null\"><\/div><div data-bb-version=\"5.2.2\" class=\"bt_bb_image bt_bb_shape_square bt_bb_target_blank bt_bb_align_center bt_bb_hover_style_zoom-in bt_bb_content_display_always bt_bb_content_align_middle bt_bb_fill_background_color_full\" data-bt-override-class=\"{&quot;bt_bb_align_&quot;:{&quot;current_class&quot;:&quot;bt_bb_align_center&quot;,&quot;def&quot;:&quot;center&quot;},&quot;bt_bb_content_display_&quot;:{&quot;current_class&quot;:&quot;bt_bb_content_display_always&quot;,&quot;def&quot;:&quot;always&quot;}}\"><a href=\"#\"  target=\"_blank\" title=\"DOWNLOAD\"><img loading=\"lazy\" decoding=\"async\" width=\"200\" height=\"56\" src=\"https:\/\/testareweb.ro\/wp-content\/uploads\/2021\/04\/Apps-Pdf-iconGIAS.png\" class=\"attachment-full size-full\" alt=\"https:\/\/testareweb.ro\/wp-content\/uploads\/2021\/04\/Apps-Pdf-iconGIAS.png\" data-full_image_src=\"https:\/\/testareweb.ro\/wp-content\/uploads\/2021\/04\/Apps-Pdf-iconGIAS.png\" title=\"DOWNLOAD\" \/><\/a><\/div><div class=\"bt_bb_separator bt_bb_border_style_none bt_bb_bottom_spacing_normal bt_bb_hidden_md bt_bb_hidden_lg\" data-bt-override-class=\"null\"><\/div><\/div><\/div><\/div><\/div><\/div><\/div><\/div><\/div><\/div><!-- cell_inner --><\/div><!-- cell --><\/div><!-- port --><\/section>","protected":false},"excerpt":{"rendered":"<p>GIAS FLOOR \u00e8 la soluzione XPS ottimizzata specificamente per i pavimenti, offrendo un'eccellente combinazione tra resistenza alla compressione, isolamento termico e stabilit\u00e0 a lungo termine. Il materiale garantisce una protezione avanzata contro l'umidit\u00e0 e la deformazione sotto carico, essendo ideale per massetti, pavimenti tecnici e aree a traffico costante.<\/p>","protected":false},"author":9,"featured_media":5172,"parent":0,"menu_order":0,"comment_status":"closed","ping_status":"closed","template":"","meta":{"_monsterinsights_skip_tracking":false,"_monsterinsights_sitenote_active":false,"_monsterinsights_sitenote_note":"","_monsterinsights_sitenote_category":0,"_uf_show_specific_survey":0,"_uf_disable_surveys":false,"footnotes":""},"class_list":["post-5281","page","type-page","status-publish","has-post-thumbnail","hentry"],"aioseo_notices":[],"_links":{"self":[{"href":"https:\/\/testareweb.ro\/it\/wp-json\/wp\/v2\/pages\/5281","targetHints":{"allow":["GET"]}}],"collection":[{"href":"https:\/\/testareweb.ro\/it\/wp-json\/wp\/v2\/pages"}],"about":[{"href":"https:\/\/testareweb.ro\/it\/wp-json\/wp\/v2\/types\/page"}],"author":[{"embeddable":true,"href":"https:\/\/testareweb.ro\/it\/wp-json\/wp\/v2\/users\/9"}],"replies":[{"embeddable":true,"href":"https:\/\/testareweb.ro\/it\/wp-json\/wp\/v2\/comments?post=5281"}],"version-history":[{"count":0,"href":"https:\/\/testareweb.ro\/it\/wp-json\/wp\/v2\/pages\/5281\/revisions"}],"wp:featuredmedia":[{"embeddable":true,"href":"https:\/\/testareweb.ro\/it\/wp-json\/wp\/v2\/media\/5172"}],"wp:attachment":[{"href":"https:\/\/testareweb.ro\/it\/wp-json\/wp\/v2\/media?parent=5281"}],"curies":[{"name":"wp","href":"https:\/\/api.w.org\/{rel}","templated":true}]}}