{"id":4739,"date":"2022-01-16T20:02:18","date_gmt":"2022-01-16T20:02:18","guid":{"rendered":"https:\/\/giasxps.ro\/?page_id=4739"},"modified":"2022-02-08T18:39:18","modified_gmt":"2022-02-08T18:39:18","slug":"politica-de-cookies","status":"publish","type":"page","link":"https:\/\/testareweb.ro\/it\/politica-de-cookies\/","title":{"rendered":"Politica de Cookies"},"content":{"rendered":"<div class=\"content clearfix\">\n<h1><strong>Politica de cookie-uri<\/strong><\/h1>\n<p>Conform uzan\u0163ei \u00een domeniu, site-ul <strong>Giasxps.ro<\/strong> folose\u0219te cookie-uri. Cookie-urile sunt fi\u0219iere de mici dimensiuni care sunt desc\u0103rcate pe computer de c\u0103tre browser (ex. Internet Explorer, Chrome, Safari \u015f.a.m.d.), pentru a \u00eembun\u0103t\u0103\u021bi experien\u021ba utilizatorului cu site-ul pe care-l viziteaz\u0103. \u00cen continuare descriem informa\u021biile pe care le adun\u0103 un cookie, cum sunt folosite aceste informa\u021bii \u015fi de ce este necesar\u0103 stocarea acestor cookie-uri.<\/p>\n<h4>Rolul \u015fi avantajele cookie-urilor<\/h4>\n<p>Cookie-urile au mai multe roluri, at\u00e2t pentru ultilizator c\u00e2t \u015fi pentru de\u0163in\u0103torul site-ului.<\/p>\n<p>De exemplu, prin plasarea unui cookie pe calculatorul utilizatorului, site-ul poate re\u0163ine set\u0103rile despre limba \u00een care este citit site-ul (rom\u00e2n\u0103\/englez\u0103), produsele din co\u015f, dac\u0103 este vorba de un magazin online, sau anumite set\u0103ri pe care utilizatorul le-a f\u0103cut \u00een mod specific.<\/p>\n<p>De altfel, cookie-urile pot oferi un feedback eficient de\u0163in\u0103torului site-ului cu privire la modul \u00een care este accesat site-ul, care este num\u0103rul de utilizatori \u015fi provenien\u0163a acestora, care este comportamentul de vizitare \u015f.a.m.d. \u00cen concluzie, cookie-urile folosesc at\u00e2t utilizatorului c\u00e2t \u015fi de\u021bin\u0103torului de site.<\/p>\n<p>Avantajele folosirii cookie-urilor sunt multiple. Pentru c\u0103 rolul unui cookie este s\u0103 fac\u0103 leg\u0103tura dintre browserul clientului \u015fi website de cele mai multe ori informa\u0163ia deja stocat\u0103 \u00een browser prin cookie ajut\u0103 serverul s\u0103 reac\u0163ioneze mult mai rapid \u00een unele situa\u0163ii, iar \u00een altele s\u0103 adapteze site-ul \u00een func\u0163ie de informa\u0163iile citite \u00een cookie. Cu alte cuvinte, \u00een func\u0163ie de comportamentul userului care a mai vizitat deja site-ul, informa\u0163ia prezentat\u0103 este personalizat\u0103 special pentru acesta.<\/p>\n<h4>Tipuri de cookie-uri<\/h4>\n<p>Exist\u0103 mai multe tipuri de cookie-uri, \u00een primul r\u00e2nd ele se \u00eempart \u00een temporare \u015fi permanente. Cele temporare se seteaz\u0103 \u00een func\u0163ie de o sesiune, iar prin sesiune \u00een\u021belegem de exemplu o logare \u015fi delogare dintr-un cont de email. Astfel, un cookie setat la login se \u015fterge la log out. Cele permanente sunt cele care se seteaz\u0103 la vizitarea site-urilor \u015fi nu se mai \u015fterg dec\u00e2t c\u00e2nd le expir\u0103 perioada de valabilitate sau sunt \u015fterse \u00een mod expres de user.<\/p>\n<h4>Valabilitatea unui cookie<\/h4>\n<p>Men\u021bion\u0103m c\u0103 un cookie poate s\u0103 aib\u0103 perioada de valabilitate de la o sesiune p\u00e2n\u0103 la c\u00e2\u021biva ani sau poate chiar s\u0103 nu expire niciodat\u0103. Desigur, un utilizator poate \u00een orice moment s\u0103 \u00ee\u0219i \u0219tearg\u0103 toate cookie-urile din browser.<\/p>\n<h2><\/h2>\n<h3>Cookie-uri proprietare \u015fi cookie-uri de la parteneri<\/h3>\n<p>Un site poate s\u0103 foloseasc\u0103 propriile cookie-uri sau poate s\u0103 includ\u0103 script-uri sau servicii de la site-uri partenere ce vin cu propriile cookie-uri separat de cele existente deja pe site.<\/p>\n<p>Un exemplu de cookie proprietar este cookie-ul de login sau de sesiune, care \u0163ine minte faptul c\u0103 un user s-a logat. Acest lucru se \u00eent\u00e2mpl\u0103 c\u00e2nd login-ul este f\u0103cut direct pe site. Dac\u0103, \u00een schimb, userul se logheaz\u0103 cu un cont de social media, de pild\u0103 Facebook, atunci \u015fi Facebook poate plasa cookie-uri \u00een browserul utilizatorului. Acest cookie poart\u0103 denumirea de third-party cookie.<\/p>\n<h4>Ce cookie-uri folose\u0219te Giasxps.ro<\/h4>\n<p>Site-ul Giasxps.ro poate folosi cookie-uri pentru setarea limbii \u00een care este citit site-ul, pentru abonarea la newsletter, pentru a re\u0163ine datele \u00een formularul de comentarii, precum \u015fi third-party cookies cum ar fi Google Analytics sau cookie-uri setate de script-urile de social media.<\/p>\n<h4>Dezactivarea cookie-urilor<\/h4>\n<p>Pentru a dezactiva setarea cookie-urilor de c\u0103tre browser, pute\u021bi accesa sec\u021biunea ajutor din browser-ul dumneavoastr\u0103 \u015fi pute\u021bi opta pentru aceast\u0103 setare. \u00cens\u0103, aten\u021bie, \u00een unele situa\u021bii nu ve\u021bi mai putea vizualiza site-ul sau experien\u021ba nu va mai fi aceea\u0219i ca atunci c\u00e2nd sunt cookie-urile activate.<\/p>\n<p>Internet Explorer:\u00a0https:\/\/support.microsoft.com\/en-us\/help\/17442\/windows-internet-explorer-delete-manage-cookies<\/p>\n<p>Chrome:\u00a0https:\/\/support.google.com\/accounts\/answer\/61416?co=GENIE.Platform%3DDesktop&amp;hl=en<\/p>\n<p>Safari:\u00a0https:\/\/support.apple.com\/kb\/ph21411?locale=en_GB<\/p>\n<p>Firefox:\u00a0https:\/\/support.mozilla.org\/en-US\/kb\/enable-and-disable-cookies-website-preferences<\/p>\n<p>Majoritatea cookie-urilor pe care\u00a0site-ul <a href=\"https:\/\/testareweb.ro\">https:\/\/testareweb.ro<\/a> le folose\u015fte sunt cookie-urile de sesiune.<\/p>\n<p>Unele cookie-uri sunt automat \u015fterse c\u00e2nd p\u0103r\u0103si\u0163i site-ul. Alte cookie-uri pot r\u0103m\u00e2ne pe dispozitivul sau calculatorul dvs. p\u00e2n\u0103 le \u015fterge\u0163i. Aceste cookie-uri ne permit s\u0103 recunoa\u015ftem browser-ul dvs data viitoare c\u00e2nd ne utiliza\u0163i site-ul.<\/p>\n<p>V\u0103 pute\u0163i seta browser-ul s\u0103 v\u0103 notifice c\u00e2nd v\u0103 trimitem cookie-uri \u015fi astfel s\u0103 le permite\u0163i accesul cookie-urilor \u00een mod individual, astfel \u00eenc\u00e2t s\u0103 accepta\u0163i cookie-urile \u00een anumite cazuri sau s\u0103 le bloca\u0163i. De asemenea, utilizatorii care aleg s\u0103 \u00ee\u015fi dezactiveze cookie-urile trebuie s\u0103 fie con\u015ftien\u0163i c\u0103 dezactivarea cookie-urilor poate duce la limitarea func\u0163ionalit\u0103\u0163ii site-ului.<\/p>\n<h3>Link-uri utile despre cookie-uri<\/h3>\n<blockquote class=\"wp-embedded-content\" data-secret=\"DPpjew1bS6\"><p><a href=\"http:\/\/www.youronlinechoices.com\/ro\/\">Home<\/a><\/p><\/blockquote>\n<p><iframe loading=\"lazy\" class=\"wp-embedded-content\" sandbox=\"allow-scripts\" security=\"restricted\" style=\"position: absolute; clip: rect(1px, 1px, 1px, 1px);\" title=\"&#8220;Acasa&#8221; &#8212; YourOnlineChoices RO\" src=\"http:\/\/www.youronlinechoices.com\/ro\/embed#?secret=DPpjew1bS6\" data-secret=\"DPpjew1bS6\" width=\"600\" height=\"338\" frameborder=\"0\" marginwidth=\"0\" marginheight=\"0\" scrolling=\"no\"><\/iframe><\/p>\n<p>http:\/\/www.allaboutcookies.org\/<\/p>\n<p>Pentru mai multe informa\u021bii despre cookie-uri \u015fi politica Giasxps.ro \u00een ceea ce prive\u0219te cookie-urile, pute\u021bi s\u0103 ne contacta\u021bi la adresa <a href=\"mailto:&lt;span id=\">Aceast\u0103 adres\u0103 de email este protejat\u0103 de spambots. Trebuie s\u0103 ave\u021bi JavaScript activat ca s\u0103 o pute\u021bi vedea.&#8221;&gt;<\/a><span id=\"cloak55342\"><a href=\"mailto:cristi.boacana@brioxps.ro\">cristi.boacana@brioxps.ro<\/a><\/span>.<\/p>\n<h1><strong>Cookie policy<\/strong><\/h1>\n<p>According to usual practices, the Giasxps website uses cookies. Cookies are small files that is stored on your computer or mobile device by an Internet browser (Google Chrome, Safari, Internet Explorer etc.) when you visit a website. This happens in order to improve the browsing experience of the user. Please find below the types of information a cookie stores, how that information is used and why we need to store these small files.<\/p>\n<h4>Why do we use cookies?<\/h4>\n<p>There are different types of Cookies that help both the user and the site owner.<br \/>\nFor example, by placing a cookie on the user\u2019s PC, the website can remember settings related to the language used for browsing, to products in the online cart, or different preferences selected by the user.<br \/>\nIn addition, cookies give efficient feedback to the site owner regarding the way one accesses the website, the number and origin of users, visiting behavior etc. Therefore, cookies are useful both for the user and for the site owner.<br \/>\nThere are multiple advantages of using cookies. Because of their role to connect the user\u2019s browser and the website, the information stored by cookies improves the responding speed of the server. The user\u2019s experience on the website is customized better thanks to the information read by cookies.<\/p>\n<h4>Types of cookies<\/h4>\n<p>There are different types of cookies. First, they are divided into session cookies and persistent cookies. Session cookies are stored while you\u2019re browsing. They get deleted from your device\u00a0when you close your browser e.g. Internet Explorer or Safari. Persistent cookies are saved on your computer. So they are not deleted when you close\u00a0your browser, provided their validity period expire or are deleted expressly by user.<\/p>\n<h4>Cookie Validity<\/h4>\n<p>A cookie can be valid for a session, for a longer period of a year or it can never expire. A user though is able to delete all cookies from the browser at any time.<\/p>\n<h4>First party and third party cookies<\/h4>\n<p>A website might use its own cookies or can include scripts or services from partner websites, which have their distinct cookies.<br \/>\nAn example of a first party cookie is represented by the session or login cookie, which remembers that a user logged in on a site. If the user logs in using social media, e.g. Facebook, then it can place other cookies in the user\u2019s browser. This type of cookies is called third party cookie.<\/p>\n<h4>What types of cookies does Giasxps.ro website use?<\/h4>\n<p>The Giasxps.ro website might use cookies to remember:<\/p>\n<ul>\n<li>Language settings;<\/li>\n<li>Newsletter subscription;<\/li>\n<li>Comments and related data.<\/li>\n<li>We might also use third party cookies such as Google Analytics or different cookies set by social networks.<\/li>\n<\/ul>\n<h4>How can I turn off cookies?<\/h4>\n<p>In order to turn off the cookie settings of the browser, you can go to the help section of the browser and choose the setting you consider. Bear in mind that you might not have the same experience as when cookies are activated.<\/p>\n<p>Internet Explorer:\u00a0https:\/\/support.microsoft.com\/en-us\/help\/17442\/windows-internet-explorer-delete-manage-cookies<\/p>\n<p>Chrome:\u00a0https:\/\/support.google.com\/accounts\/answer\/61416?co=GENIE.Platform%3DDesktop&amp;hl=en<\/p>\n<p>Safari:\u00a0https:\/\/support.apple.com\/kb\/ph21411?locale=en_GB<\/p>\n<p>Firefox:\u00a0https:\/\/support.mozilla.org\/en-US\/kb\/enable-and-disable-cookies-website-preferences<\/p>\n<h4>Useful links<\/h4>\n<p>http:\/\/www.youronlinechoices.com\/<br \/>\nhttp:\/\/www.allaboutcookies.org\/<br \/>\nFor more information about cookies and our policy please contact us at <a href=\"mailto:&lt;span id=\">Aceast\u0103 adres\u0103 de email este protejat\u0103 de spambots. Trebuie s\u0103 ave\u021bi JavaScript activat ca s\u0103 o pute\u021bi vedea.&#8221;&gt;<\/a><span id=\"cloak750\"><a href=\"mailto:cristi.boacana@brioxps.ro\">cristi.boacana@brioxps.ro<\/a><\/span><\/p>\n<\/div>","protected":false},"excerpt":{"rendered":"<p>Politica de cookie-uri Conform uzan\u0163ei \u00een domeniu, site-ul Giasxps.ro folose\u0219te cookie-uri. Cookie-urile sunt fi\u0219iere de mici dimensiuni care sunt desc\u0103rcate pe computer de c\u0103tre browser (ex. Internet Explorer, Chrome, Safari \u015f.a.m.d.), pentru a \u00eembun\u0103t\u0103\u021bi experien\u021ba utilizatorului cu site-ul pe care-l viziteaz\u0103. \u00cen continuare descriem informa\u021biile pe care le adun\u0103 un cookie, cum sunt folosite aceste&#8230;<\/p>","protected":false},"author":9,"featured_media":4615,"parent":0,"menu_order":0,"comment_status":"closed","ping_status":"open","template":"","meta":{"_monsterinsights_skip_tracking":false,"_monsterinsights_sitenote_active":false,"_monsterinsights_sitenote_note":"","_monsterinsights_sitenote_category":0,"_uf_show_specific_survey":0,"_uf_disable_surveys":false,"footnotes":""},"class_list":["post-4739","page","type-page","status-publish","has-post-thumbnail","hentry"],"aioseo_notices":[],"_links":{"self":[{"href":"https:\/\/testareweb.ro\/it\/wp-json\/wp\/v2\/pages\/4739","targetHints":{"allow":["GET"]}}],"collection":[{"href":"https:\/\/testareweb.ro\/it\/wp-json\/wp\/v2\/pages"}],"about":[{"href":"https:\/\/testareweb.ro\/it\/wp-json\/wp\/v2\/types\/page"}],"author":[{"embeddable":true,"href":"https:\/\/testareweb.ro\/it\/wp-json\/wp\/v2\/users\/9"}],"replies":[{"embeddable":true,"href":"https:\/\/testareweb.ro\/it\/wp-json\/wp\/v2\/comments?post=4739"}],"version-history":[{"count":0,"href":"https:\/\/testareweb.ro\/it\/wp-json\/wp\/v2\/pages\/4739\/revisions"}],"wp:featuredmedia":[{"embeddable":true,"href":"https:\/\/testareweb.ro\/it\/wp-json\/wp\/v2\/media\/4615"}],"wp:attachment":[{"href":"https:\/\/testareweb.ro\/it\/wp-json\/wp\/v2\/media?parent=4739"}],"curies":[{"name":"wp","href":"https:\/\/api.w.org\/{rel}","templated":true}]}}