{"id":5281,"date":"2025-12-08T10:27:20","date_gmt":"2025-12-08T10:27:20","guid":{"rendered":"https:\/\/giasxps.ro\/?page_id=5281"},"modified":"2026-01-11T10:07:41","modified_gmt":"2026-01-11T10:07:41","slug":"gias-floor","status":"publish","type":"page","link":"https:\/\/testareweb.ro\/hr\/gias-floor\/","title":{"rendered":"GIAS FLOOR"},"content":{"rendered":"<section id=\"bt_bb_section69fb264365813\" class=\"bt_bb_section bt_bb_layout_boxed_1200 bt_bb_vertical_align_top bt_bb_top_spacing_large bt_bb_bottom_spacing_large\"  data-bt-override-class=\"null\"><div class=\"bt_bb_port\"><div class=\"bt_bb_cell\"><div class=\"bt_bb_cell_inner\"><div class=\"bt_bb_row\"  data-bt-override-class=\"{}\"><div class=\"bt_bb_row_holder\" ><div  class=\"bt_bb_column col-xl-12 col-xs-12 col-sm-12 col-md-12 col-lg-12 bt_bb_align_left bt_bb_vertical_align_top bt_bb_padding_normal\"  data-width=\"12\" data-bt-override-class=\"{}\"><div class=\"bt_bb_column_content\"><div class=\"bt_bb_row_inner\"   data-bt-override-class=\"{}\"><div class=\"bt_bb_row_inner_holder\"  ><div  class=\"bt_bb_column_inner col-xl-6 col-xs-12 col-sm-12 col-md-9 col-lg-9 bt_bb_align_left bt_bb_vertical_align_top\"  data-width=\"6\" data-bt-override-class=\"{}\"><div class=\"bt_bb_column_inner_content\"><header data-bb-version=\"5.2.2\" class=\"bt_bb_headline bt_bb_font_weight_900 bt_bb_dash_top bt_bb_superheadline bt_bb_superheadline_outside bt_bb_size_medium bt_bb_align_inherit\" data-bt-override-class=\"{&quot;bt_bb_size_&quot;:{&quot;current_class&quot;:&quot;bt_bb_size_medium&quot;,&quot;def&quot;:&quot;medium&quot;},&quot;bt_bb_align_&quot;:{&quot;current_class&quot;:&quot;bt_bb_align_inherit&quot;,&quot;def&quot;:&quot;inherit&quot;}}\"><div class=\"bt_bb_headline_superheadline_outside\"><span class=\"bt_bb_headline_superheadline\">Savr\u0161ena baza za brzu monta\u017eu podnog grijanja<\/span><\/div><h3 class=\"bt_bb_headline_tag\"><span class=\"bt_bb_headline_content\"><span><b>EKSTRUDIRANI POLISTIREN<\/b><br \/><br \/>\n<u>GIAS FLOOR <\/u> <\/span><\/span><\/h3><\/header><div class=\"bt_bb_separator bt_bb_border_style_none bt_bb_top_spacing_normal\" data-bt-override-class=\"null\"><\/div><div data-bb-version=\"5.2.2\"  class=\"bt_bb_text\" ><\/p>\n<p><strong><span style=\"color: #ff0000;\">OPIS PROIZVODA<\/span><\/strong><\/p>\n<p data-path-to-node=\"3\"><b>GIAS FLOOR<\/b> predstavlja modularni i kruti toplinsko-izolacijski sustav, precizno dizajniran kako bi osigurao optimalnu, stabilnu i u\u010dinkovitu bazu za moderne sustave podnog grijanja (UFT).<\/p>\n<p data-path-to-node=\"4\">To nije obi\u010dna plo\u010da, ve\u0107 tehnolo\u0161ko rje\u0161enje koje kombinira vrhunska svojstva ekstrudiranog polistirena (otpornost na vlagu i kompresiju) s inteligentnom ergonomijom monta\u017ee. Plo\u010da je opremljena sustavom fiksiranja s \u010depovima (bossed system) na svojoj povr\u0161ini. Ovaj dizajn omogu\u0107uje instalaterima monta\u017eu i fiksiranje grija\u0107ih cijevi pove\u0107anom brzinom i milimetarskom precizno\u0161\u0107u, uklanjaju\u0107i potrebu za dodatnim obujmicama i osiguravaju\u0107i ujedna\u010den razmak izme\u0111u krugova.<\/p>\n<p data-path-to-node=\"5\">S termi\u010dkog gledi\u0161ta, <strong>GIAS FLOOR<\/strong> igra vitalnu ulogu. Zahvaljuju\u0107i svojoj strukturi zatvorenih \u0107elija i visokoj gusto\u0107i, djeluje kao iznimno u\u010dinkovita toplinska barijera, sprje\u010davaju\u0107i gubitak topline prema dolje (prema temelju ili betonskoj plo\u010di). Usmjeravanjem toplinske energije isklju\u010divo prema estrihu i stambenom prostoru, maksimizira energetsku u\u010dinkovitost UFT sustava i osigurava brzu i ravnomjernu raspodjelu topline, izravno pridonose\u0107i toplinskoj udobnosti i zna\u010dajnim dugoro\u010dnim u\u0161tedama.<\/p>\n<p data-path-to-node=\"6\">To je profesionalno rje\u0161enje koje jam\u010di mehani\u010dku stabilnost pod te\u017einom estriha, dugovje\u010dnost sustava i energetsku u\u010dinkovitost svakog projekta podnog grijanja.<\/p>\n<p><strong><span style=\"color: #ff0000;\">TIPI\u010cNA PODRU\u010cJA PRIMJENE<\/span><\/strong><\/p>\n<ul>\n<li>\n<p data-path-to-node=\"9,0,0\" class=\" translation-block\"><b>UFT sustavi (Podno grijanje):<\/b> Osnovni izolacijski sloj za instalacije grijanja.<\/p>\n<\/li>\n<li>\n<p data-path-to-node=\"9,1,0\" class=\" translation-block\"><b>Stambene i poslovne zgrade:<\/b> Osigurava u\u010dinkovito toplinsko odvajanje sustava grijanja od betonske plo\u010de (temeljne plo\u010de).<\/p>\n<\/li>\n<li>\n<p data-path-to-node=\"9,2,0\" class=\" translation-block\"><b>Renovacije:<\/b> Idealno rje\u0161enje za brzu monta\u017eu cijevi i smanjenje ukupne visine sustava glazure.<\/p>\n<\/li>\n<\/ul>\n<p><span style=\"color: #ff0000;\"><strong>KLJU\u010cNE PREDNOSTI<\/strong><\/span><\/p>\n<ul>\n<li>\n<p data-path-to-node=\"11,0,0\" class=\" translation-block\">b&gt;Brza i Precizna Monta\u017ea:<\/b> Sustav pri\u010dvr\u0161\u0107ivanja\/rebara pojednostavljuje i ubrzava ugradnju cijevi za grijanje.<\/p>\n<\/li>\n<li>\n<p data-path-to-node=\"11,1,0\" class=\" translation-block\"><b>Energetska u\u010dinkovitost:<\/b> Minimizira prijenos topline prema dolje (prema temeljima), usmjeravaju\u0107i 95% energije u stambeni prostor.<\/p>\n<\/li>\n<li>\n<p data-path-to-node=\"11,2,0\" class=\" translation-block\"><b>Dodatna zvu\u010dna izolacija:<\/b> Doprinosi smanjenju udarne buke, pobolj\u0161avaju\u0107i akusti\u010dni komfor.<\/p>\n<\/li>\n<li>\n<p data-path-to-node=\"11,3,0\" class=\" translation-block\"><b>Tla\u010dna \u010dvrsto\u0107a:<\/b> Otporna na te\u017einu estriha, zavr\u0161ne obrade i prometa (ovisno o gusto\u0107i XPS-a koji se koristi kao baza).<\/p>\n<\/li>\n<li>\n<p data-path-to-node=\"11,4,0\" class=\" translation-block\"><b>Za\u0161tita od vlage:<\/b> \u010cesto uklju\u010duje integriranu za\u0161titnu foliju koja djeluje kao barijera protiv vlage iz podloge.<\/p>\n<\/li>\n<\/ul>\n<p><span style=\"color: #ff0000;\"><strong>TEHNI\u010cKE SPECIFIKACIJE<\/strong><\/span><\/p>\n<table style=\"width: 100%; border-collapse: collapse; border: 1px solid #333; font-family: Arial, sans-serif;\">\n<thead>\n<tr style=\"background-color: #e0e0e0;\">\n<th style=\"border: 1px solid #333; padding: 10px; text-align: left;\">Parametar<\/th>\n<th style=\"border: 1px solid #333; padding: 10px; text-align: left;\">Tipi\u010dna vrijednost<\/th>\n<th style=\"border: 1px solid #333; padding: 10px; text-align: left;\">Jedinica mjere \/ Standard<\/th>\n<\/tr>\n<\/thead>\n<tbody>\n<tr>\n<td style=\"border: 1px solid #333; padding: 8px;\">Naziv proizvoda<\/td>\n<td style=\"border: 1px solid #333; padding: 8px;\">GIAS FLOOR<\/td>\n<td style=\"border: 1px solid #333; padding: 8px;\">\u2013<\/td>\n<\/tr>\n<tr>\n<td style=\"border: 1px solid #333; padding: 8px;\">Glavna uloga<\/td>\n<td style=\"border: 1px solid #333; padding: 8px;\">Sistemska plo\u010da za podno grijanje<\/td>\n<td style=\"border: 1px solid #333; padding: 8px;\">\u2013<\/td>\n<\/tr>\n<tr>\n<td style=\"border: 1px solid #333; padding: 8px;\">Tla\u010dna \u010dvrsto\u0107a (Baza)<\/td>\n<td style=\"border: 1px solid #333; padding: 8px;\">\u2265 250 \u2013 300<\/td>\n<td style=\"border: 1px solid #333; padding: 8px;\">kPa \/ EN 826<\/td>\n<\/tr>\n<tr>\n<td style=\"border: 1px solid #333; padding: 8px;\">Sustav za pri\u010dvr\u0161\u0107ivanje<\/td>\n<td style=\"border: 1px solid #333; padding: 8px;\">Pero i utor \/ Klinovi<\/td>\n<td style=\"border: 1px solid #333; padding: 8px;\">\u2013<\/td>\n<\/tr>\n<tr>\n<td style=\"border: 1px solid #333; padding: 8px;\">Kompatibilni promjer cijevi<\/td>\n<td style=\"border: 1px solid #333; padding: 8px;\">16 mm \u2013 20 mm (Tipi\u010dno)<\/td>\n<td style=\"border: 1px solid #333; padding: 8px;\">\u2013<\/td>\n<\/tr>\n<\/tbody>\n<\/table>\n<p>\n<\/div><div data-bb-version=\"5.2.2\" class=\"bt_bb_separator bt_bb_border_style_none bt_bb_top_spacing_none bt_bb_bottom_spacing_large\" data-bt-override-class=\"{&quot;bt_bb_top_spacing_&quot;:{&quot;current_class&quot;:&quot;bt_bb_top_spacing_none&quot;,&quot;def&quot;:&quot;none&quot;},&quot;bt_bb_bottom_spacing_&quot;:{&quot;current_class&quot;:&quot;bt_bb_bottom_spacing_large&quot;,&quot;def&quot;:&quot;large&quot;}}\"><\/div><\/div><\/div><div data-bb-version=\"5.2.2\"  class=\"bt_bb_column_inner col-xl-6 col-xs-12 col-sm-12 col-md-3 col-lg-3 bt_bb_align_left bt_bb_vertical_align_top\"  data-width=\"6\" data-bt-override-class=\"{}\"><div class=\"bt_bb_column_inner_content\"><div data-bb-version=\"5.2.2\" class=\"bt_bb_image bt_bb_shape_square bt_bb_target_blank bt_bb_align_inherit bt_bb_hover_style_zoom-in-to-grayscale bt_bb_content_display_always bt_bb_content_align_middle bt_bb_fill_background_color_full\" data-bt-override-class=\"{&quot;bt_bb_align_&quot;:{&quot;current_class&quot;:&quot;bt_bb_align_inherit&quot;,&quot;def&quot;:&quot;inherit&quot;},&quot;bt_bb_content_display_&quot;:{&quot;current_class&quot;:&quot;bt_bb_content_display_always&quot;,&quot;def&quot;:&quot;always&quot;}}\"><a href=\"#\"  target=\"_blank\" title=\"Gias-Floor-produs\"><img loading=\"lazy\" decoding=\"async\" width=\"900\" height=\"718\" src=\"https:\/\/testareweb.ro\/wp-content\/uploads\/2025\/12\/Gias-Floor-produs.png\" class=\"attachment-full size-full\" alt=\"https:\/\/testareweb.ro\/wp-content\/uploads\/2025\/12\/Gias-Floor-produs.png\" data-full_image_src=\"https:\/\/testareweb.ro\/wp-content\/uploads\/2025\/12\/Gias-Floor-produs.png\" title=\"Gias-Floor-produs\" srcset=\"https:\/\/testareweb.ro\/wp-content\/uploads\/2025\/12\/Gias-Floor-produs.png 900w, https:\/\/testareweb.ro\/wp-content\/uploads\/2025\/12\/Gias-Floor-produs-640x511.png 640w, https:\/\/testareweb.ro\/wp-content\/uploads\/2025\/12\/Gias-Floor-produs-768x613.png 768w, https:\/\/testareweb.ro\/wp-content\/uploads\/2025\/12\/Gias-Floor-produs-15x12.png 15w, https:\/\/testareweb.ro\/wp-content\/uploads\/2025\/12\/Gias-Floor-produs-320x255.png 320w\" sizes=\"auto, (max-width: 900px) 100vw, 900px\" \/><\/a><\/div><div class=\"bt_bb_separator bt_bb_border_style_none bt_bb_bottom_spacing_normal\" data-bt-override-class=\"null\"><\/div><header data-bb-version=\"5.2.2\" class=\"bt_bb_headline btPeopleProfileDash bt_bb_font_weight_normal bt_bb_dash_bottom bt_bb_superheadline bt_bb_superheadline_outside bt_bb_size_normal bt_bb_align_inherit btPeopleProfileDash\" data-bt-override-class=\"{&quot;bt_bb_size_&quot;:{&quot;current_class&quot;:&quot;bt_bb_size_normal&quot;,&quot;def&quot;:&quot;normal&quot;},&quot;bt_bb_align_&quot;:{&quot;current_class&quot;:&quot;bt_bb_align_inherit&quot;,&quot;def&quot;:&quot;inherit&quot;}}\"><div class=\"bt_bb_headline_superheadline_outside\"><span class=\"bt_bb_headline_superheadline\">PODATKOVNI LIST<\/span><\/div><h5 class=\"bt_bb_headline_tag\"><span class=\"bt_bb_headline_content\"><span>POLISTIREN EXTRUDAT GIAS FLOOR<\/span><\/span><\/h5><\/header><div class=\"bt_bb_separator bt_bb_border_style_none bt_bb_bottom_spacing_normal bt_bb_hidden_md bt_bb_hidden_lg\" data-bt-override-class=\"null\"><\/div><div data-bb-version=\"5.2.2\" class=\"bt_bb_image bt_bb_shape_square bt_bb_target_blank bt_bb_align_center bt_bb_hover_style_zoom-in bt_bb_content_display_always bt_bb_content_align_middle bt_bb_fill_background_color_full\" data-bt-override-class=\"{&quot;bt_bb_align_&quot;:{&quot;current_class&quot;:&quot;bt_bb_align_center&quot;,&quot;def&quot;:&quot;center&quot;},&quot;bt_bb_content_display_&quot;:{&quot;current_class&quot;:&quot;bt_bb_content_display_always&quot;,&quot;def&quot;:&quot;always&quot;}}\"><a href=\"#\"  target=\"_blank\" title=\"DOWNLOAD\"><img loading=\"lazy\" decoding=\"async\" width=\"200\" height=\"56\" src=\"https:\/\/testareweb.ro\/wp-content\/uploads\/2021\/04\/Apps-Pdf-iconGIAS.png\" class=\"attachment-full size-full\" alt=\"https:\/\/testareweb.ro\/wp-content\/uploads\/2021\/04\/Apps-Pdf-iconGIAS.png\" data-full_image_src=\"https:\/\/testareweb.ro\/wp-content\/uploads\/2021\/04\/Apps-Pdf-iconGIAS.png\" title=\"DOWNLOAD\" \/><\/a><\/div><div class=\"bt_bb_separator bt_bb_border_style_none bt_bb_bottom_spacing_normal bt_bb_hidden_md bt_bb_hidden_lg\" data-bt-override-class=\"null\"><\/div><\/div><\/div><\/div><\/div><\/div><\/div><\/div><\/div><\/div><!-- cell_inner --><\/div><!-- cell --><\/div><!-- port --><\/section>","protected":false},"excerpt":{"rendered":"<p>GIAS FLOOR je XPS rje\u0161enje optimizirano posebno za podove, nude\u0107i izvrsnu kombinaciju otpornosti na pritisak, toplinske izolacije i dugoro\u010dne stabilnosti. Materijal osigurava naprednu za\u0161titu od vlage i deformacija pod optere\u0107enjem, \u0161to ga \u010dini idealnim za estrihe, tehni\u010dke podove i prostore sa stalnim prometom.<\/p>","protected":false},"author":9,"featured_media":5172,"parent":0,"menu_order":0,"comment_status":"closed","ping_status":"closed","template":"","meta":{"_monsterinsights_skip_tracking":false,"_monsterinsights_sitenote_active":false,"_monsterinsights_sitenote_note":"","_monsterinsights_sitenote_category":0,"_uf_show_specific_survey":0,"_uf_disable_surveys":false,"footnotes":""},"class_list":["post-5281","page","type-page","status-publish","has-post-thumbnail","hentry"],"aioseo_notices":[],"_links":{"self":[{"href":"https:\/\/testareweb.ro\/hr\/wp-json\/wp\/v2\/pages\/5281","targetHints":{"allow":["GET"]}}],"collection":[{"href":"https:\/\/testareweb.ro\/hr\/wp-json\/wp\/v2\/pages"}],"about":[{"href":"https:\/\/testareweb.ro\/hr\/wp-json\/wp\/v2\/types\/page"}],"author":[{"embeddable":true,"href":"https:\/\/testareweb.ro\/hr\/wp-json\/wp\/v2\/users\/9"}],"replies":[{"embeddable":true,"href":"https:\/\/testareweb.ro\/hr\/wp-json\/wp\/v2\/comments?post=5281"}],"version-history":[{"count":0,"href":"https:\/\/testareweb.ro\/hr\/wp-json\/wp\/v2\/pages\/5281\/revisions"}],"wp:featuredmedia":[{"embeddable":true,"href":"https:\/\/testareweb.ro\/hr\/wp-json\/wp\/v2\/media\/5172"}],"wp:attachment":[{"href":"https:\/\/testareweb.ro\/hr\/wp-json\/wp\/v2\/media?parent=5281"}],"curies":[{"name":"wp","href":"https:\/\/api.w.org\/{rel}","templated":true}]}}